{"id":21388,"date":"2024-09-24T15:57:11","date_gmt":"2024-09-24T15:57:11","guid":{"rendered":"https:\/\/evafont.com\/?page_id=21388"},"modified":"2024-11-04T15:04:41","modified_gmt":"2024-11-04T15:04:41","slug":"sobre-mi","status":"publish","type":"page","link":"http:\/\/evafont.com\/index.php\/sobre-mi\/","title":{"rendered":"Sobre mi"},"content":{"rendered":"<section class=\"wpb-content-wrapper\"><p>[vc_row row_type=&#8221;row&#8221; use_row_as_full_screen_section=&#8221;no&#8221; type=&#8221;full_width&#8221; text_align=&#8221;left&#8221; background_color=&#8221;#ffffff&#8221; css_animation=&#8221;&#8221;][vc_column][vc_row_inner row_type=&#8221;row&#8221; type=&#8221;grid&#8221; use_row_as_full_screen_section_slide=&#8221;no&#8221; text_align=&#8221;left&#8221; background_color=&#8221;#ffffff&#8221; padding_top=&#8221;80&#8243; padding_bottom=&#8221;80&#8243; css_animation=&#8221;&#8221;][vc_column_inner width=&#8221;1\/2&#8243;][vc_column_text]<\/p>\n<h4>SOBRE MI<\/h4>\n<p>[\/vc_column_text][vc_separator type=&#8221;transparent&#8221; border_style=&#8221;&#8221; up=&#8221;20&#8243; down=&#8221;0&#8243;][vc_column_text]<\/p>\n<h2>EVA FONT MORAT\u00d3<\/h2>\n<p>[\/vc_column_text][vc_separator type=&#8221;transparent&#8221; border_style=&#8221;&#8221; up=&#8221;40&#8243; down=&#8221;0&#8243;][vc_column_text]<span style=\"font-weight: 400;\">Els pinzells i les pintures sempre han format part de mi. De ben petita em passava moltes estones explicant hist\u00f2ries a trav\u00e9s dels llapis de colors. Em dic Eva i em vaig graduar com a dissenyadora gr\u00e0fica a BAU, Centre Universitari d\u2019Arts i Disseny l\u2019any 2001.\u00a0\u00a0<\/span><\/p>\n<p>&nbsp;<\/p>\n<p><span style=\"font-weight: 400;\">L\u2019any 2004 vaig comen\u00e7ar a treballar per compte propi. Acompanyo a emprenedors, petites empreses i ajuntaments a millorar la seva imatge i a difondre els projectes i activitats a trav\u00e9s de la comunicaci\u00f3 visual.<\/span><\/p>\n<p>&nbsp;<\/p>\n<p><span style=\"font-weight: 400;\">Curiosa i activa, crec en l&#8217;aprenentatge permanent i la millora constant, per aix\u00f2 en algunes \u00e8poques he col\u00b7laborat amb altres estudis i empreses de forma m\u00e9s estable. Tamb\u00e9 faig de tallerista d\u2019extraescolars art\u00edstics per a nens i d\u2019iniciaci\u00f3 a les noves tecnologies per a adults i gent gran.<\/span>[\/vc_column_text][\/vc_column_inner][vc_column_inner width=&#8221;1\/2&#8243;][vc_separator type=&#8221;transparent&#8221; border_style=&#8221;&#8221; thickness=&#8221;20&#8243; down=&#8221;100&#8243;][vc_single_image image=&#8221;21215&#8243; img_size=&#8221;large&#8221; qode_css_animation=&#8221;&#8221;][\/vc_column_inner][\/vc_row_inner][\/vc_column][\/vc_row][vc_row row_type=&#8221;row&#8221; use_row_as_full_screen_section=&#8221;no&#8221; type=&#8221;grid&#8221; text_align=&#8221;left&#8221; padding_top=&#8221;20&#8243; padding_bottom=&#8221;20&#8243; css_animation=&#8221;&#8221;][vc_column][vc_column_text]<\/p>\n<h2>TALLERS<\/h2>\n<p>[\/vc_column_text][vc_separator type=&#8221;transparent&#8221; border_style=&#8221;&#8221; up=&#8221;40&#8243; down=&#8221;0&#8243;][vc_column_text]<\/p>\n<p class=\"p1\">Com que el disseny gr\u00e0fic comporta moltes hores d&#8217;ordinador, tamb\u00e9 m&#8217;agrada combinar la meva jornada laboral amb altres espais i projectes per sortir del despatx.<\/p>\n<p>I com que gaudeixo de la proximitat i contacte amb les persones, tamb\u00e9 dedico algunes hores a fer de tallerista. Acompanyo en el desenvolupament art\u00edstic i personal en diferents etapes de la vida i tinc experi\u00e8ncia en extraescolars art\u00edstics infantils, introducci\u00f3 i suport amb les TIC per a persones grans i tamb\u00e9 organitzo i desenvolupo tallers a l&#8217;Espai Ef\u00edmer, on sumem explicacions d&#8217;olis essencials i les seves aplicacions creant moments de relax i calma i practicant l&#8217;escriptura terap\u00e8utica, manualitats, pintant mandales i mindfulness, etc.[\/vc_column_text][\/vc_column][\/vc_row][vc_row row_type=&#8221;row&#8221; use_row_as_full_screen_section=&#8221;no&#8221; type=&#8221;grid&#8221; text_align=&#8221;left&#8221; background_color=&#8221;#ffffff&#8221; padding_top=&#8221;20&#8243; padding_bottom=&#8221;20&#8243; css_animation=&#8221;&#8221;][vc_column][vc_column_text]<span style=\"font-weight: 400;\">M\u2019agrada escoltar, saber quines son les necessitats, quin \u00e9s l\u2019objectiu, qu\u00e8 es vol transmetre i treballar estretament amb els clients, aix\u00ed em permet oferir solucions creatives i coherents que satisfan les expectatives de qualitat i d&#8217;\u00e8xit de cada projecte.<\/span><\/p>\n<p>&nbsp;<\/p>\n<p><span style=\"font-weight: 400;\">Durant aquests anys m\u2019he anat coneixent, reinventant, connectant amb mi mateixa, aix\u00f2 m\u2019ajuda a fer un treball molt m\u00e9s conscient tant pels meus clients com per crear projectes propis (Arabesc).\u00a0<\/span><\/p>\n<p><span style=\"font-weight: 400;\">\u00a0<\/span><\/p>\n<p><span style=\"font-weight: 400;\">Dissenyo compromesa amb els valors de l\u2019economia social i solid\u00e0ria i amb el medi ambient, per treballar d\u2019una manera m\u00e9s sostenible i \u00e8tica.<\/span>[\/vc_column_text][\/vc_column][\/vc_row][vc_row row_type=&#8221;row&#8221; use_row_as_full_screen_section=&#8221;no&#8221; type=&#8221;grid&#8221; text_align=&#8221;left&#8221; background_color=&#8221;#ffffff&#8221; padding_top=&#8221;40&#8243; padding_bottom=&#8221;40&#8243; css_animation=&#8221;&#8221;][vc_column][vc_column_text]<\/p>\n<p style=\"text-align: center;\">Formo part de la <a href=\"https:\/\/ess.manlleu.cat\/\" target=\"_blank\" rel=\"noopener\">Xarxa d&#8217;economia social i solid\u00e0ria d&#8217;Osona,<\/a>\u00a0del <a href=\"https:\/\/www.manlleu.cat\/site36\/ca\/files\/doc10\/cataleg-cpr.pdf\" target=\"_blank\" rel=\"noopener\">cat\u00e0leg de compra p\u00fablica responsable<\/a><\/p>\n<p style=\"text-align: center;\">i del <a href=\"https:\/\/www.manlleu.cat\/icc\/professionals.htm\" target=\"_blank\" rel=\"noopener\">directori de professionals<\/a> de les Ind\u00fastries Culturals i Creatives d&#8217;OPE Creatius (Manlleu).<\/p>\n<p><img loading=\"lazy\" decoding=\"async\" class=\"size-medium wp-image-21421 aligncenter\" src=\"http:\/\/evafont.com\/wp-content\/uploads\/2024\/09\/alterna-t-logotip-vertical-negre-300x212.png\" alt=\"\" width=\"300\" height=\"212\" srcset=\"http:\/\/evafont.com\/wp-content\/uploads\/2024\/09\/alterna-t-logotip-vertical-negre-300x212.png 300w, http:\/\/evafont.com\/wp-content\/uploads\/2024\/09\/alterna-t-logotip-vertical-negre.png 349w\" sizes=\"auto, (max-width: 300px) 100vw, 300px\" \/>[\/vc_column_text][\/vc_column][\/vc_row][vc_row row_type=&#8221;row&#8221; use_row_as_full_screen_section=&#8221;no&#8221; type=&#8221;grid&#8221; text_align=&#8221;left&#8221; background_color=&#8221;#898989&#8243; css_animation=&#8221;&#8221;][vc_column]<div class=\"call_to_action normal\" style=\"background-color: #898989;padding: 10;\"><div class=\"container_inner\"><div class=\"two_columns_75_25 clearfix\"><div class=\"text_wrapper column1\"><div class=\"call_to_action_text\" style=\"\"><\/p>\n<h3 style=\"text-align: center;\"><span style=\"font-weight: 400; color: #ffffff;\">Si em voleu con\u00e8ixer o saber m\u00e9s de mi,<br \/>\nno dubteu en posar-vos en contacte.<\/span><\/h3>\n<p><\/div><\/div><div class=\"button_wrapper column2\"><a href=\"https:\/\/evafont.com\/contacte\" class=\"qbutton medium\" target=\"_self\" style=\"color:#ffffff;\">hola@evafont.com<\/a><\/div><\/div><\/div><\/div>[\/vc_column][\/vc_row]<\/p>\n<\/section>","protected":false},"excerpt":{"rendered":"<p>[vc_row row_type=&#8221;row&#8221; use_row_as_full_screen_section=&#8221;no&#8221; type=&#8221;full_width&#8221; text_align=&#8221;left&#8221; background_color=&#8221;#ffffff&#8221; css_animation=&#8221;&#8221;][vc_column][vc_row_inner row_type=&#8221;row&#8221; type=&#8221;grid&#8221; use_row_as_full_screen_section_slide=&#8221;no&#8221; text_align=&#8221;left&#8221; background_color=&#8221;#ffffff&#8221; padding_top=&#8221;80&#8243; padding_bottom=&#8221;80&#8243; css_animation=&#8221;&#8221;][vc_column_inner width=&#8221;1\/2&#8243;][vc_column_text] SOBRE MI [\/vc_column_text][vc_separator type=&#8221;transparent&#8221; border_style=&#8221;&#8221; up=&#8221;20&#8243; down=&#8221;0&#8243;][vc_column_text] EVA FONT MORAT\u00d3 [\/vc_column_text][vc_separator type=&#8221;transparent&#8221; border_style=&#8221;&#8221; up=&#8221;40&#8243; down=&#8221;0&#8243;][vc_column_text]Els pinzells i les pintures sempre han format part de mi. De ben petita em&#8230;<\/p>\n","protected":false},"author":1,"featured_media":0,"parent":0,"menu_order":0,"comment_status":"closed","ping_status":"closed","template":"full_width.php","meta":{"_joinchat":[],"footnotes":""},"class_list":["post-21388","page","type-page","status-publish","hentry"],"yoast_head":"<!-- This site is optimized with the Yoast SEO plugin v25.4 - https:\/\/yoast.com\/wordpress\/plugins\/seo\/ -->\n<title>Sobre mi - Eva Font Morat\u00f3<\/title>\n<meta name=\"robots\" content=\"index, follow, max-snippet:-1, max-image-preview:large, max-video-preview:-1\" \/>\n<link rel=\"canonical\" href=\"http:\/\/evafont.com\/index.php\/sobre-mi\/\" \/>\n<meta property=\"og:locale\" content=\"ca_ES\" \/>\n<meta property=\"og:type\" content=\"article\" \/>\n<meta property=\"og:title\" content=\"Sobre mi - Eva Font Morat\u00f3\" \/>\n<meta property=\"og:description\" content=\"[vc_row row_type=&#8221;row&#8221; use_row_as_full_screen_section=&#8221;no&#8221; type=&#8221;full_width&#8221; text_align=&#8221;left&#8221; background_color=&#8221;#ffffff&#8221; css_animation=&#8221;&#8221;][vc_column][vc_row_inner row_type=&#8221;row&#8221; type=&#8221;grid&#8221; use_row_as_full_screen_section_slide=&#8221;no&#8221; text_align=&#8221;left&#8221; background_color=&#8221;#ffffff&#8221; padding_top=&#8221;80&#8243; padding_bottom=&#8221;80&#8243; css_animation=&#8221;&#8221;][vc_column_inner width=&#8221;1\/2&#8243;][vc_column_text] SOBRE MI [\/vc_column_text][vc_separator type=&#8221;transparent&#8221; border_style=&#8221;&#8221; up=&#8221;20&#8243; down=&#8221;0&#8243;][vc_column_text] EVA FONT MORAT\u00d3 [\/vc_column_text][vc_separator type=&#8221;transparent&#8221; border_style=&#8221;&#8221; up=&#8221;40&#8243; down=&#8221;0&#8243;][vc_column_text]Els pinzells i les pintures sempre han format part de mi. De ben petita em...\" \/>\n<meta property=\"og:url\" content=\"http:\/\/evafont.com\/index.php\/sobre-mi\/\" \/>\n<meta property=\"og:site_name\" content=\"Eva Font Morat\u00f3\" \/>\n<meta property=\"article:modified_time\" content=\"2024-11-04T15:04:41+00:00\" \/>\n<meta property=\"og:image\" content=\"http:\/\/evafont.com\/wp-content\/uploads\/2024\/09\/alterna-t-logotip-vertical-negre-300x212.png\" \/>\n<meta name=\"twitter:card\" content=\"summary_large_image\" \/>\n<meta name=\"twitter:label1\" content=\"Temps estimat de lectura\" \/>\n\t<meta name=\"twitter:data1\" content=\"3 minuts\" \/>\n<script type=\"application\/ld+json\" class=\"yoast-schema-graph\">{\"@context\":\"https:\/\/schema.org\",\"@graph\":[{\"@type\":\"WebPage\",\"@id\":\"http:\/\/evafont.com\/index.php\/sobre-mi\/\",\"url\":\"http:\/\/evafont.com\/index.php\/sobre-mi\/\",\"name\":\"Sobre mi - Eva Font Morat\u00f3\",\"isPartOf\":{\"@id\":\"http:\/\/evafont.com\/#website\"},\"primaryImageOfPage\":{\"@id\":\"http:\/\/evafont.com\/index.php\/sobre-mi\/#primaryimage\"},\"image\":{\"@id\":\"http:\/\/evafont.com\/index.php\/sobre-mi\/#primaryimage\"},\"thumbnailUrl\":\"http:\/\/evafont.com\/wp-content\/uploads\/2024\/09\/alterna-t-logotip-vertical-negre-300x212.png\",\"datePublished\":\"2024-09-24T15:57:11+00:00\",\"dateModified\":\"2024-11-04T15:04:41+00:00\",\"breadcrumb\":{\"@id\":\"http:\/\/evafont.com\/index.php\/sobre-mi\/#breadcrumb\"},\"inLanguage\":\"ca\",\"potentialAction\":[{\"@type\":\"ReadAction\",\"target\":[\"http:\/\/evafont.com\/index.php\/sobre-mi\/\"]}]},{\"@type\":\"ImageObject\",\"inLanguage\":\"ca\",\"@id\":\"http:\/\/evafont.com\/index.php\/sobre-mi\/#primaryimage\",\"url\":\"http:\/\/evafont.com\/wp-content\/uploads\/2024\/09\/alterna-t-logotip-vertical-negre.png\",\"contentUrl\":\"http:\/\/evafont.com\/wp-content\/uploads\/2024\/09\/alterna-t-logotip-vertical-negre.png\",\"width\":349,\"height\":247},{\"@type\":\"BreadcrumbList\",\"@id\":\"http:\/\/evafont.com\/index.php\/sobre-mi\/#breadcrumb\",\"itemListElement\":[{\"@type\":\"ListItem\",\"position\":1,\"name\":\"Inici\",\"item\":\"http:\/\/evafont.com\/\"},{\"@type\":\"ListItem\",\"position\":2,\"name\":\"Sobre mi\"}]},{\"@type\":\"WebSite\",\"@id\":\"http:\/\/evafont.com\/#website\",\"url\":\"http:\/\/evafont.com\/\",\"name\":\"Eva Font Morat\u00f3\",\"description\":\"Disseny gr\u00e0fic\",\"potentialAction\":[{\"@type\":\"SearchAction\",\"target\":{\"@type\":\"EntryPoint\",\"urlTemplate\":\"http:\/\/evafont.com\/?s={search_term_string}\"},\"query-input\":{\"@type\":\"PropertyValueSpecification\",\"valueRequired\":true,\"valueName\":\"search_term_string\"}}],\"inLanguage\":\"ca\"}]}<\/script>\n<!-- \/ Yoast SEO plugin. -->","yoast_head_json":{"title":"Sobre mi - Eva Font Morat\u00f3","robots":{"index":"index","follow":"follow","max-snippet":"max-snippet:-1","max-image-preview":"max-image-preview:large","max-video-preview":"max-video-preview:-1"},"canonical":"http:\/\/evafont.com\/index.php\/sobre-mi\/","og_locale":"ca_ES","og_type":"article","og_title":"Sobre mi - Eva Font Morat\u00f3","og_description":"[vc_row row_type=&#8221;row&#8221; use_row_as_full_screen_section=&#8221;no&#8221; type=&#8221;full_width&#8221; text_align=&#8221;left&#8221; background_color=&#8221;#ffffff&#8221; css_animation=&#8221;&#8221;][vc_column][vc_row_inner row_type=&#8221;row&#8221; type=&#8221;grid&#8221; use_row_as_full_screen_section_slide=&#8221;no&#8221; text_align=&#8221;left&#8221; background_color=&#8221;#ffffff&#8221; padding_top=&#8221;80&#8243; padding_bottom=&#8221;80&#8243; css_animation=&#8221;&#8221;][vc_column_inner width=&#8221;1\/2&#8243;][vc_column_text] SOBRE MI [\/vc_column_text][vc_separator type=&#8221;transparent&#8221; border_style=&#8221;&#8221; up=&#8221;20&#8243; down=&#8221;0&#8243;][vc_column_text] EVA FONT MORAT\u00d3 [\/vc_column_text][vc_separator type=&#8221;transparent&#8221; border_style=&#8221;&#8221; up=&#8221;40&#8243; down=&#8221;0&#8243;][vc_column_text]Els pinzells i les pintures sempre han format part de mi. De ben petita em...","og_url":"http:\/\/evafont.com\/index.php\/sobre-mi\/","og_site_name":"Eva Font Morat\u00f3","article_modified_time":"2024-11-04T15:04:41+00:00","og_image":[{"url":"http:\/\/evafont.com\/wp-content\/uploads\/2024\/09\/alterna-t-logotip-vertical-negre-300x212.png","type":"","width":"","height":""}],"twitter_card":"summary_large_image","twitter_misc":{"Temps estimat de lectura":"3 minuts"},"schema":{"@context":"https:\/\/schema.org","@graph":[{"@type":"WebPage","@id":"http:\/\/evafont.com\/index.php\/sobre-mi\/","url":"http:\/\/evafont.com\/index.php\/sobre-mi\/","name":"Sobre mi - Eva Font Morat\u00f3","isPartOf":{"@id":"http:\/\/evafont.com\/#website"},"primaryImageOfPage":{"@id":"http:\/\/evafont.com\/index.php\/sobre-mi\/#primaryimage"},"image":{"@id":"http:\/\/evafont.com\/index.php\/sobre-mi\/#primaryimage"},"thumbnailUrl":"http:\/\/evafont.com\/wp-content\/uploads\/2024\/09\/alterna-t-logotip-vertical-negre-300x212.png","datePublished":"2024-09-24T15:57:11+00:00","dateModified":"2024-11-04T15:04:41+00:00","breadcrumb":{"@id":"http:\/\/evafont.com\/index.php\/sobre-mi\/#breadcrumb"},"inLanguage":"ca","potentialAction":[{"@type":"ReadAction","target":["http:\/\/evafont.com\/index.php\/sobre-mi\/"]}]},{"@type":"ImageObject","inLanguage":"ca","@id":"http:\/\/evafont.com\/index.php\/sobre-mi\/#primaryimage","url":"http:\/\/evafont.com\/wp-content\/uploads\/2024\/09\/alterna-t-logotip-vertical-negre.png","contentUrl":"http:\/\/evafont.com\/wp-content\/uploads\/2024\/09\/alterna-t-logotip-vertical-negre.png","width":349,"height":247},{"@type":"BreadcrumbList","@id":"http:\/\/evafont.com\/index.php\/sobre-mi\/#breadcrumb","itemListElement":[{"@type":"ListItem","position":1,"name":"Inici","item":"http:\/\/evafont.com\/"},{"@type":"ListItem","position":2,"name":"Sobre mi"}]},{"@type":"WebSite","@id":"http:\/\/evafont.com\/#website","url":"http:\/\/evafont.com\/","name":"Eva Font Morat\u00f3","description":"Disseny gr\u00e0fic","potentialAction":[{"@type":"SearchAction","target":{"@type":"EntryPoint","urlTemplate":"http:\/\/evafont.com\/?s={search_term_string}"},"query-input":{"@type":"PropertyValueSpecification","valueRequired":true,"valueName":"search_term_string"}}],"inLanguage":"ca"}]}},"_links":{"self":[{"href":"http:\/\/evafont.com\/index.php\/wp-json\/wp\/v2\/pages\/21388","targetHints":{"allow":["GET"]}}],"collection":[{"href":"http:\/\/evafont.com\/index.php\/wp-json\/wp\/v2\/pages"}],"about":[{"href":"http:\/\/evafont.com\/index.php\/wp-json\/wp\/v2\/types\/page"}],"author":[{"embeddable":true,"href":"http:\/\/evafont.com\/index.php\/wp-json\/wp\/v2\/users\/1"}],"replies":[{"embeddable":true,"href":"http:\/\/evafont.com\/index.php\/wp-json\/wp\/v2\/comments?post=21388"}],"version-history":[{"count":26,"href":"http:\/\/evafont.com\/index.php\/wp-json\/wp\/v2\/pages\/21388\/revisions"}],"predecessor-version":[{"id":21496,"href":"http:\/\/evafont.com\/index.php\/wp-json\/wp\/v2\/pages\/21388\/revisions\/21496"}],"wp:attachment":[{"href":"http:\/\/evafont.com\/index.php\/wp-json\/wp\/v2\/media?parent=21388"}],"curies":[{"name":"wp","href":"https:\/\/api.w.org\/{rel}","templated":true}]}}