{"id":21478,"date":"2024-10-30T15:26:15","date_gmt":"2024-10-30T15:26:15","guid":{"rendered":"https:\/\/evafont.com\/?page_id=21478"},"modified":"2025-06-16T15:23:07","modified_gmt":"2025-06-16T15:23:07","slug":"espai_efimer","status":"publish","type":"page","link":"http:\/\/evafont.com\/index.php\/espai_efimer\/","title":{"rendered":"Espai Ef\u00edmer"},"content":{"rendered":"<section class=\"wpb-content-wrapper\"><p>[vc_row row_type=&#8221;row&#8221; use_row_as_full_screen_section=&#8221;no&#8221; type=&#8221;full_width&#8221; text_align=&#8221;left&#8221; background_color=&#8221;#ffffff&#8221; css_animation=&#8221;&#8221;][vc_column][vc_row_inner row_type=&#8221;row&#8221; type=&#8221;grid&#8221; use_row_as_full_screen_section_slide=&#8221;no&#8221; text_align=&#8221;left&#8221; padding_top=&#8221;80&#8243; padding_bottom=&#8221;80&#8243; css_animation=&#8221;&#8221;][vc_column_inner width=&#8221;1\/2&#8243;][vc_column_text]<\/p>\n<h2 style=\"font-size: 25px;\">PUNT DE VENDA I DESCOBERTA<\/h2>\n<p>[\/vc_column_text][vc_column_text]<\/p>\n<h3>Espai ef\u00edmer<\/h3>\n<p>[\/vc_column_text][vc_separator type=&#8221;transparent&#8221; border_style=&#8221;&#8221; up=&#8221;40&#8243; down=&#8221;0&#8243;][vc_column_text]<a href=\"https:\/\/aromaterapiabio.com\">Herbarom<\/a> \u00e9s l&#8217;empresa de la meva fam\u00edlia, que es dedica a envasar i distribuir olis essencials purs i biol\u00f2gics. La suma dels meus dissenys amb els seus productes ens van portar a obrir Espai Ef\u00edmer (ef\u00edmer perqu\u00e8 era temporal per\u00f2 ja fa un any que funciona!).<\/p>\n<p>&nbsp;<\/p>\n<p>Un espai on trobareu productes\u00a0artesans i creatius, tot producte de fabricaci\u00f3 pr\u00f2pia, original i de qualitat. Apostem per la compra responsable, per la sostenibilitat social, econ\u00f2mica i mediambiental.<\/p>\n<p>&nbsp;<\/p>\n<p>Un espai per compartir una estona, poder-vos explicar el que fem i ensenyar-vos les novetats.<\/p>\n<p>&nbsp;<\/p>\n<p>Tamb\u00e9 organitzem tallers.<\/p>\n<p>Podeu trobar tota la informaci\u00f3 a <a href=\"https:\/\/www.instagram.com\/espai_efimer\">https:\/\/www.instagram.com\/espai_efimer<\/a>[\/vc_column_text][vc_separator type=&#8221;transparent&#8221; border_style=&#8221;&#8221; up=&#8221;40&#8243; down=&#8221;0&#8243;][vc_single_image image=&#8221;21484&#8243; img_size=&#8221;&#8221; alignment=&#8221;center&#8221; onclick=&#8221;custom_link&#8221; qode_css_animation=&#8221;&#8221; link=&#8221;http:\/\/arabesc.cat&#8221;][\/vc_column_inner][vc_column_inner width=&#8221;1\/2&#8243;][vc_column_text]Ens trobareu al carrer Gurb, 60 de Vic. Us hi esperem![\/vc_column_text][vc_separator type=&#8221;transparent&#8221; border_style=&#8221;&#8221; up=&#8221;40&#8243; down=&#8221;0&#8243;][vc_gmaps link=&#8221;#E-8_JTNDaWZyYW1lJTIwc3JjJTNEJTIyaHR0cHMlM0ElMkYlMkZ3d3cuZ29vZ2xlLmNvbSUyRm1hcHMlMkZlbWJlZCUzRnBiJTNEJTIxMW0xOCUyMTFtMTIlMjExbTMlMjExZDI5NjguMTUxMTk0NzM4MTM4JTIxMmQyLjI0OTUyMjQ3NzQ1NDIzODYlMjEzZDQxLjkzMjYwMjM3MTIzNTc5JTIxMm0zJTIxMWYwJTIxMmYwJTIxM2YwJTIxM20yJTIxMWkxMDI0JTIxMmk3NjglMjE0ZjEzLjElMjEzbTMlMjExbTIlMjExczB4MTJhNTI3MzYzNWI5YWMzYiUyNTNBMHhlYzhiZWVjNzIyMzc4NTk0JTIxMnNFc3BhaSUyNTIwRWYlMjVDMyUyNUFEbWVyJTIxNWUwJTIxM20yJTIxMXNjYSUyMTJzZXMlMjE0djE3MzAzMDc5MDEwMDQlMjE1bTIlMjExc2NhJTIxMnNlcyUyMiUyMHdpZHRoJTNEJTIyNjAwJTIyJTIwaGVpZ2h0JTNEJTIyNDUwJTIyJTIwc3R5bGUlM0QlMjJib3JkZXIlM0EwJTNCJTIyJTIwYWxsb3dmdWxsc2NyZWVuJTNEJTIyJTIyJTIwbG9hZGluZyUzRCUyMmxhenklMjIlMjByZWZlcnJlcnBvbGljeSUzRCUyMm5vLXJlZmVycmVyLXdoZW4tZG93bmdyYWRlJTIyJTNFJTNDJTJGaWZyYW1lJTNF&#8221;][vc_separator type=&#8221;transparent&#8221; border_style=&#8221;&#8221; up=&#8221;40&#8243; down=&#8221;0&#8243;][vc_single_image image=&#8221;21497&#8243; img_size=&#8221;full&#8221; qode_css_animation=&#8221;&#8221;][\/vc_column_inner][\/vc_row_inner]<div class=\"call_to_action normal\" style=\"background-color: #f5f5f5;\"><div class=\"container_inner\"><div class=\"two_columns_75_25 clearfix\"><div class=\"text_wrapper column1\"><div class=\"call_to_action_text\" style=\"\"><\/p>\n<h2 style=\"font-size: 20px;\">Qu\u00e8 necessites? Vols que en parlem?<\/h2>\n<p><\/div><\/div><div class=\"button_wrapper column2\"><a href=\"https:\/\/evafont.com\/index.php\/contacte\/\" class=\"qbutton \" target=\"_self\" style=\"color:#ffffff;border-color:#1ecad3;background-color: #1ecad3;\" data-hover-background-color=#393939  data-hover-border-color=#393939  data-hover-color=#ffffff>CONTACTA'M!<\/a><\/div><\/div><\/div><\/div>[\/vc_column][\/vc_row]<\/p>\n<\/section>","protected":false},"excerpt":{"rendered":"<p>[vc_row row_type=&#8221;row&#8221; use_row_as_full_screen_section=&#8221;no&#8221; type=&#8221;full_width&#8221; text_align=&#8221;left&#8221; background_color=&#8221;#ffffff&#8221; css_animation=&#8221;&#8221;][vc_column][vc_row_inner row_type=&#8221;row&#8221; type=&#8221;grid&#8221; use_row_as_full_screen_section_slide=&#8221;no&#8221; text_align=&#8221;left&#8221; padding_top=&#8221;80&#8243; padding_bottom=&#8221;80&#8243; css_animation=&#8221;&#8221;][vc_column_inner width=&#8221;1\/2&#8243;][vc_column_text] PUNT DE VENDA I DESCOBERTA [\/vc_column_text][vc_column_text] Espai ef\u00edmer [\/vc_column_text][vc_separator type=&#8221;transparent&#8221; border_style=&#8221;&#8221; up=&#8221;40&#8243; down=&#8221;0&#8243;][vc_column_text]Herbarom \u00e9s l&#8217;empresa de la meva fam\u00edlia, que es dedica a envasar i distribuir olis essencials purs i&#8230;<\/p>\n","protected":false},"author":1,"featured_media":0,"parent":0,"menu_order":0,"comment_status":"closed","ping_status":"closed","template":"full_width.php","meta":{"_joinchat":[],"footnotes":""},"class_list":["post-21478","page","type-page","status-publish","hentry"],"yoast_head":"<!-- This site is optimized with the Yoast SEO plugin v25.4 - https:\/\/yoast.com\/wordpress\/plugins\/seo\/ -->\n<title>Eva Font Morat\u00f3 | Disseny i producci\u00f3 d&#039;exper\u00e8ncies \u00faniques<\/title>\n<meta name=\"description\" content=\"Descobreix Espai ef\u00edmer, on el disseny gr\u00e0fic es transforma en exper\u00e8ncies visuals per a exposicions, esdeveniments i accions de comunicaci\u00f3\" \/>\n<meta name=\"robots\" content=\"index, follow, max-snippet:-1, max-image-preview:large, max-video-preview:-1\" \/>\n<link rel=\"canonical\" href=\"https:\/\/evafont.com\/index.php\/espai_efimer\/\" \/>\n<meta property=\"og:locale\" content=\"ca_ES\" \/>\n<meta property=\"og:type\" content=\"article\" \/>\n<meta property=\"og:title\" content=\"Eva Font Morat\u00f3 | Disseny i producci\u00f3 d&#039;exper\u00e8ncies \u00faniques\" \/>\n<meta property=\"og:description\" content=\"Descobreix Espai ef\u00edmer, on el disseny gr\u00e0fic es transforma en exper\u00e8ncies visuals per a exposicions, esdeveniments i accions de comunicaci\u00f3\" \/>\n<meta property=\"og:url\" content=\"https:\/\/evafont.com\/index.php\/espai_efimer\/\" \/>\n<meta property=\"og:site_name\" content=\"Eva Font Morat\u00f3\" \/>\n<meta property=\"article:modified_time\" content=\"2025-06-16T15:23:07+00:00\" \/>\n<meta name=\"twitter:card\" content=\"summary_large_image\" \/>\n<meta name=\"twitter:label1\" content=\"Temps estimat de lectura\" \/>\n\t<meta name=\"twitter:data1\" content=\"2 minuts\" \/>\n<script type=\"application\/ld+json\" class=\"yoast-schema-graph\">{\"@context\":\"https:\/\/schema.org\",\"@graph\":[{\"@type\":\"WebPage\",\"@id\":\"https:\/\/evafont.com\/index.php\/espai_efimer\/\",\"url\":\"https:\/\/evafont.com\/index.php\/espai_efimer\/\",\"name\":\"Eva Font Morat\u00f3 | Disseny i producci\u00f3 d'exper\u00e8ncies \u00faniques\",\"isPartOf\":{\"@id\":\"http:\/\/evafont.com\/#website\"},\"datePublished\":\"2024-10-30T15:26:15+00:00\",\"dateModified\":\"2025-06-16T15:23:07+00:00\",\"description\":\"Descobreix Espai ef\u00edmer, on el disseny gr\u00e0fic es transforma en exper\u00e8ncies visuals per a exposicions, esdeveniments i accions de comunicaci\u00f3\",\"breadcrumb\":{\"@id\":\"https:\/\/evafont.com\/index.php\/espai_efimer\/#breadcrumb\"},\"inLanguage\":\"ca\",\"potentialAction\":[{\"@type\":\"ReadAction\",\"target\":[\"https:\/\/evafont.com\/index.php\/espai_efimer\/\"]}]},{\"@type\":\"BreadcrumbList\",\"@id\":\"https:\/\/evafont.com\/index.php\/espai_efimer\/#breadcrumb\",\"itemListElement\":[{\"@type\":\"ListItem\",\"position\":1,\"name\":\"Inici\",\"item\":\"http:\/\/evafont.com\/\"},{\"@type\":\"ListItem\",\"position\":2,\"name\":\"Espai Ef\u00edmer\"}]},{\"@type\":\"WebSite\",\"@id\":\"http:\/\/evafont.com\/#website\",\"url\":\"http:\/\/evafont.com\/\",\"name\":\"Eva Font Morat\u00f3\",\"description\":\"Disseny gr\u00e0fic\",\"potentialAction\":[{\"@type\":\"SearchAction\",\"target\":{\"@type\":\"EntryPoint\",\"urlTemplate\":\"http:\/\/evafont.com\/?s={search_term_string}\"},\"query-input\":{\"@type\":\"PropertyValueSpecification\",\"valueRequired\":true,\"valueName\":\"search_term_string\"}}],\"inLanguage\":\"ca\"}]}<\/script>\n<!-- \/ Yoast SEO plugin. -->","yoast_head_json":{"title":"Eva Font Morat\u00f3 | Disseny i producci\u00f3 d'exper\u00e8ncies \u00faniques","description":"Descobreix Espai ef\u00edmer, on el disseny gr\u00e0fic es transforma en exper\u00e8ncies visuals per a exposicions, esdeveniments i accions de comunicaci\u00f3","robots":{"index":"index","follow":"follow","max-snippet":"max-snippet:-1","max-image-preview":"max-image-preview:large","max-video-preview":"max-video-preview:-1"},"canonical":"https:\/\/evafont.com\/index.php\/espai_efimer\/","og_locale":"ca_ES","og_type":"article","og_title":"Eva Font Morat\u00f3 | Disseny i producci\u00f3 d'exper\u00e8ncies \u00faniques","og_description":"Descobreix Espai ef\u00edmer, on el disseny gr\u00e0fic es transforma en exper\u00e8ncies visuals per a exposicions, esdeveniments i accions de comunicaci\u00f3","og_url":"https:\/\/evafont.com\/index.php\/espai_efimer\/","og_site_name":"Eva Font Morat\u00f3","article_modified_time":"2025-06-16T15:23:07+00:00","twitter_card":"summary_large_image","twitter_misc":{"Temps estimat de lectura":"2 minuts"},"schema":{"@context":"https:\/\/schema.org","@graph":[{"@type":"WebPage","@id":"https:\/\/evafont.com\/index.php\/espai_efimer\/","url":"https:\/\/evafont.com\/index.php\/espai_efimer\/","name":"Eva Font Morat\u00f3 | Disseny i producci\u00f3 d'exper\u00e8ncies \u00faniques","isPartOf":{"@id":"http:\/\/evafont.com\/#website"},"datePublished":"2024-10-30T15:26:15+00:00","dateModified":"2025-06-16T15:23:07+00:00","description":"Descobreix Espai ef\u00edmer, on el disseny gr\u00e0fic es transforma en exper\u00e8ncies visuals per a exposicions, esdeveniments i accions de comunicaci\u00f3","breadcrumb":{"@id":"https:\/\/evafont.com\/index.php\/espai_efimer\/#breadcrumb"},"inLanguage":"ca","potentialAction":[{"@type":"ReadAction","target":["https:\/\/evafont.com\/index.php\/espai_efimer\/"]}]},{"@type":"BreadcrumbList","@id":"https:\/\/evafont.com\/index.php\/espai_efimer\/#breadcrumb","itemListElement":[{"@type":"ListItem","position":1,"name":"Inici","item":"http:\/\/evafont.com\/"},{"@type":"ListItem","position":2,"name":"Espai Ef\u00edmer"}]},{"@type":"WebSite","@id":"http:\/\/evafont.com\/#website","url":"http:\/\/evafont.com\/","name":"Eva Font Morat\u00f3","description":"Disseny gr\u00e0fic","potentialAction":[{"@type":"SearchAction","target":{"@type":"EntryPoint","urlTemplate":"http:\/\/evafont.com\/?s={search_term_string}"},"query-input":{"@type":"PropertyValueSpecification","valueRequired":true,"valueName":"search_term_string"}}],"inLanguage":"ca"}]}},"_links":{"self":[{"href":"http:\/\/evafont.com\/index.php\/wp-json\/wp\/v2\/pages\/21478","targetHints":{"allow":["GET"]}}],"collection":[{"href":"http:\/\/evafont.com\/index.php\/wp-json\/wp\/v2\/pages"}],"about":[{"href":"http:\/\/evafont.com\/index.php\/wp-json\/wp\/v2\/types\/page"}],"author":[{"embeddable":true,"href":"http:\/\/evafont.com\/index.php\/wp-json\/wp\/v2\/users\/1"}],"replies":[{"embeddable":true,"href":"http:\/\/evafont.com\/index.php\/wp-json\/wp\/v2\/comments?post=21478"}],"version-history":[{"count":18,"href":"http:\/\/evafont.com\/index.php\/wp-json\/wp\/v2\/pages\/21478\/revisions"}],"predecessor-version":[{"id":21533,"href":"http:\/\/evafont.com\/index.php\/wp-json\/wp\/v2\/pages\/21478\/revisions\/21533"}],"wp:attachment":[{"href":"http:\/\/evafont.com\/index.php\/wp-json\/wp\/v2\/media?parent=21478"}],"curies":[{"name":"wp","href":"https:\/\/api.w.org\/{rel}","templated":true}]}}